{"id":222,"date":"2025-06-28T22:07:19","date_gmt":"2025-06-28T22:07:19","guid":{"rendered":"https:\/\/reiterhof-buckautal.de\/index.php\/reiterferien\/"},"modified":"2025-06-28T22:07:26","modified_gmt":"2025-06-28T22:07:26","slug":"reiterferien","status":"publish","type":"page","link":"https:\/\/reiterhof-buckautal.de\/index.php\/reiterferien\/","title":{"rendered":"Reiterferien"},"content":{"rendered":"<div class=\"\" style=\"\" >\n  \n    <section class=\"skrollable u-clearfix u-palette-3-light-3 u-parallax u-uploaded-video u-section-1\" id=\"sec-2e39\" data-image-width=\"1004\" data-image-height=\"556\">\n      <div class=\"u-clearfix u-sheet u-valign-middle-lg u-valign-middle-sm u-valign-middle-xs u-sheet-1\">\n        <div class=\"u-container-style u-expanded-width-md u-expanded-width-sm u-expanded-width-xs u-group u-image u-shape-rectangle u-image-1\" data-image-width=\"1004\" data-image-height=\"556\" style=\"background-image: url(&quot;https:\/\/reiterhof-buckautal.de\/wp-content\/uploads\/2025\/06\/An-Test-Luftstart-kl-7.jpg&quot;);\">\n          <div class=\"u-container-layout u-valign-top-lg u-valign-top-md u-valign-top-sm u-valign-top-xs u-container-layout-1\">\n            <img decoding=\"async\" class=\"u-image u-image-contain u-image-default u-image-2\" src=\"https:\/\/reiterhof-buckautal.de\/wp-content\/uploads\/2025\/06\/Logo-trans-7.png\" alt=\"\" data-image-width=\"707\" data-image-height=\"353\" data-href=\"https:\/\/reiterhof-buckautal.de\/index.php\/startseite\/\" title=\"Startseite\">\n          <\/div>\n        <\/div>\n      <\/div>\n    <\/section>\n    <section class=\"u-clearfix u-palette-3-light-3 u-section-2\" id=\"sec-918b\">\n      <div class=\"u-clearfix u-sheet u-valign-middle-sm u-valign-middle-xl u-sheet-1\">\n        <div class=\"data-layout-selected u-clearfix u-expanded-width u-gutter-20 u-layout-wrap u-layout-wrap-1\">\n          <div class=\"u-gutter-0 u-layout\">\n            <div class=\"u-layout-row\">\n              <div class=\"u-container-style u-layout-cell u-shape-rectangle u-size-60 u-size-60-md u-layout-cell-1\">\n                <div class=\"u-container-layout u-container-layout-1\">\n                  <div class=\"u-container-style u-group u-white u-group-1\">\n                    <div class=\"u-container-layout u-container-layout-2\">\n                      <p class=\"u-custom-font u-font-georgia u-text u-text-custom-color-2 u-text-1\"><span style=\"font-weight: 700;\">&nbsp; Reiterferien auf dem <\/span>Reiterhof Buckautal<br>\n                      <\/p>\n                    <\/div>\n                  <\/div>\n                  <div class=\"custom-expanded u-list u-list-1\">\n                    <div class=\"u-repeater u-repeater-1\">\n                      <div class=\"u-container-style u-list-item u-repeater-item u-white\">\n                        <div class=\"u-container-layout u-similar-container u-valign-middle-lg u-valign-middle-md u-valign-middle-sm u-valign-middle-xs u-container-layout-3\">\n                          <p class=\"u-text u-text-custom-color-3 u-text-2\"> Ganzj\u00e4hrig Reiterferien&nbsp;f\u00fcr Pferdefreunde in allen Altersklassen und Ausbildungsstufen<br>\u2026. das Wichtigste ist die Liebe zum Pferd!\nAbwechslungsreiches Angebot auch f\u00fcr alle Urlauber,<br>die nicht Reiten, sondern Ferien in der Natur des Hohen Fl\u00e4mings verbringen m\u00f6chten.<br><span style=\"font-weight: 700;\">F\u00fcr Kinder und Jugendliche:<\/span>\n                            <br>Kinderbetreuung wird bei uns gro\u00dfgeschrieben. Zahlreiche Programme rund \nums Pferd bringen Ihren Kindern unvergessliche Stunden. Unsere \nFerienzimmer sind zweckm\u00e4ssig und gem\u00fctlich eingerichtet. Das Essen ist \nreichhaltig, gesund&nbsp;und den Bed\u00fcrfnissen der Kinder angepasst. Au\u00dferdem \nbieten wir zwei Reitstunden t\u00e4glich und ein betreutes Ganztagsprogramm. (<a href=\"https:\/\/reiterhof-buckautal.de\/wp-content\/uploads\/2025\/06\/Anmeldung-Reiterferien-Klus-2025.pdf\" class=\"u-active-none u-border-none u-btn u-button-link u-button-style u-file-link u-hover-none u-none u-text-palette-1-base u-btn-1\" target=\"_blank\">Anmeldung<\/a>)<br><span style=\"font-weight: 700;\">F\u00fcr Erwachsene:<\/span>\n                            <br>Unseren <span style=\"font-weight: 700;\">erwachsenen G\u00e4sten<\/span> bieten wir sch\u00f6ne modernisierte Ferienwohnungen (<a href=\"https:\/\/reiterhof-buckautal.de\/wp-content\/uploads\/2025\/06\/Anmeldung-Ferienwohnung-Klus-2025-2.pdf\" class=\"u-active-none u-border-none u-btn u-button-link u-button-style u-file-link u-hover-none u-none u-text-palette-1-base u-btn-2\" target=\"_blank\">Anmeldung<\/a>) f\u00fcr bis zu 4 Personen (Aufbettung m\u00f6glich), 65 qm, 3 Zimmer mit TV\/Radio, K\u00fcche und Bad.<br>Au\u00dfer Reiten kann man bei uns Rad fahren, baden, angeln, grillen u.v.m. Wer mit dem Auto anreist, kann die <a href=\"http:\/\/www.steintherme.de\" target=\"_blank\" rel=\"noopener\" class=\"u-active-none u-border-none u-btn u-button-style u-hover-none u-none u-text-palette-1-base u-btn-3\">Steintherme Belzig<\/a>, die <a href=\"http:\/\/www.burg-ziesar.de\" target=\"_blank\" rel=\"noopener\" class=\"u-active-none u-border-none u-btn u-button-style u-hover-none u-none u-text-palette-1-base u-btn-4\">Bischofsresidenz Burg Ziesar<\/a>, den <a href=\"http:\/\/www.toepferort-goerzke.de\/\" class=\"u-active-none u-border-none u-btn u-button-link u-button-style u-hover-none u-none u-text-palette-1-base u-btn-5\" target=\"_blank\">T\u00f6pferort G\u00f6rzke<\/a>\n                            <br>sowie die nahen St\u00e4dte <a href=\"https:\/\/www.moeckern-flaeming.de\/\" class=\"u-active-none u-border-none u-btn u-button-link u-button-style u-hover-none u-none u-text-palette-1-base u-btn-6\" target=\"_blank\">M\u00f6ckern<\/a> und <a href=\"https:\/\/www.magdeburg.de\/\" class=\"u-active-none u-border-none u-btn u-button-link u-button-style u-hover-none u-none u-text-palette-1-base u-btn-7\" target=\"_blank\">Ottostadt Magdeburg<\/a> besuchen.<br>\n                          <\/p>\n                        <\/div>\n                      <\/div>\n                    <\/div>\n                  <\/div>\n                <\/div>\n              <\/div>\n            <\/div>\n          <\/div>\n        <\/div>\n      <\/div>\n    <\/section>\n    <section class=\"u-clearfix u-palette-3-light-3 u-valign-middle-lg u-valign-middle-md u-valign-middle-sm u-valign-middle-xs u-section-3\" id=\"carousel_355c\">\n      <div class=\"u-clearfix u-sheet u-valign-middle-lg u-valign-middle-sm u-sheet-1\">\n        <div class=\"u-carousel u-carousel-duration-500 u-expanded-width u-gallery u-gallery-slider u-layout-carousel u-lightbox u-no-transition u-show-text-on-hover u-gallery-1\" id=\"carousel-e603\" data-interval=\"2500\" data-u-ride=\"carousel\">\n          <ol class=\"u-absolute-hcenter u-carousel-indicators u-carousel-indicators-1\">\n            <li data-u-target=\"#carousel-e603\" data-u-slide-to=\"0\" class=\"u-active u-grey-70 u-shape-circle\" style=\"width: 10px; height: 10px;\"><\/li>\n            <li data-u-target=\"#carousel-e603\" data-u-slide-to=\"1\" class=\"u-grey-70 u-shape-circle\" style=\"width: 10px; height: 10px;\"><\/li>\n            <li data-u-target=\"#carousel-e603\" data-u-slide-to=\"2\" class=\"u-grey-70 u-shape-circle\" style=\"width: 10px; height: 10px;\"><\/li>\n            <li data-u-target=\"#carousel-e603\" data-u-slide-to=\"3\" class=\"u-grey-70 u-shape-circle\" style=\"width: 10px; height: 10px;\"><\/li>\n            <li data-u-target=\"#carousel-e603\" data-u-slide-to=\"4\" class=\"u-grey-70 u-shape-circle\" style=\"width: 10px; height: 10px;\"><\/li>\n          <\/ol>\n          <div class=\"u-carousel-inner u-gallery-inner u-gallery-inner-1\" role=\"listbox\">\n            <div class=\"u-active u-carousel-item u-effect-fade u-gallery-item u-carousel-item-1\">\n              <div class=\"u-back-slide\" data-image-width=\"1746\" data-image-height=\"1820\">\n                <img decoding=\"async\" class=\"u-back-image u-expanded\" src=\"https:\/\/reiterhof-buckautal.de\/wp-content\/uploads\/2025\/06\/aaa-weide-7.jpg\">\n              <\/div>\n              <div class=\"u-align-center u-over-slide u-shading u-valign-bottom u-over-slide-1\"><\/div>\n            <\/div>\n            <div class=\"u-carousel-item u-effect-fade u-gallery-item u-carousel-item-2\">\n              <div class=\"u-back-slide\" data-image-width=\"1613\" data-image-height=\"2288\">\n                <img decoding=\"async\" class=\"u-back-image u-expanded\" src=\"https:\/\/reiterhof-buckautal.de\/wp-content\/uploads\/2025\/06\/aaa-gruen-sch-7.jpg\">\n              <\/div>\n              <div class=\"u-align-center u-over-slide u-shading u-valign-bottom u-over-slide-2\"><\/div>\n            <\/div>\n            <div class=\"u-carousel-item u-effect-fade u-gallery-item u-carousel-item-3\" data-image-width=\"1600\" data-image-height=\"1064\">\n              <div class=\"u-back-slide\">\n                <img decoding=\"async\" class=\"u-back-image u-expanded\" src=\"https:\/\/reiterhof-buckautal.de\/wp-content\/uploads\/2025\/06\/Schild-7.jpg\">\n              <\/div>\n              <div class=\"u-align-center u-over-slide u-shading u-valign-bottom u-over-slide-3\"><\/div>\n              <style data-mode=\"XL\" data-visited=\"true\"><\/style>\n              <style data-mode=\"LG\" data-visited=\"true\"><\/style>\n              <style data-mode=\"MD\" data-visited=\"true\"><\/style>\n              <style data-mode=\"SM\"><\/style>\n              <style data-mode=\"XS\" data-visited=\"true\"><\/style>\n            <\/div>\n            <div class=\"u-carousel-item u-effect-fade u-gallery-item u-carousel-item-4\" data-image-width=\"1600\" data-image-height=\"1064\">\n              <div class=\"u-back-slide\">\n                <img decoding=\"async\" class=\"u-back-image u-expanded\" src=\"https:\/\/reiterhof-buckautal.de\/wp-content\/uploads\/2025\/06\/Stall-Wein-7.jpg\">\n              <\/div>\n              <div class=\"u-align-center u-over-slide u-shading u-valign-bottom u-over-slide-4\"><\/div>\n              <style data-mode=\"XL\" data-visited=\"true\"><\/style>\n              <style data-mode=\"LG\" data-visited=\"true\"><\/style>\n              <style data-mode=\"MD\" data-visited=\"true\"><\/style>\n              <style data-mode=\"SM\"><\/style>\n              <style data-mode=\"XS\" data-visited=\"true\"><\/style>\n            <\/div>\n            <div class=\"u-carousel-item u-effect-fade u-gallery-item u-carousel-item-5\" data-image-width=\"3200\" data-image-height=\"2128\">\n              <div class=\"u-back-slide\">\n                <img decoding=\"async\" class=\"u-back-image u-expanded\" src=\"https:\/\/reiterhof-buckautal.de\/wp-content\/uploads\/2025\/06\/KA1_4624-scaled.jpg\">\n              <\/div>\n              <div class=\"u-align-center u-over-slide u-shading u-valign-bottom u-over-slide-5\"><\/div>\n              <style data-mode=\"XL\"><\/style>\n              <style data-mode=\"LG\"><\/style>\n              <style data-mode=\"MD\"><\/style>\n              <style data-mode=\"SM\"><\/style>\n              <style data-mode=\"XS\"><\/style>\n            <\/div>\n          <\/div>\n          <a class=\"u-absolute-vcenter u-carousel-control u-carousel-control-prev u-grey-70 u-icon-circle u-opacity u-opacity-70 u-spacing-10 u-text-white u-carousel-control-1\" href=\"#carousel-e603\" role=\"button\" data-u-slide=\"prev\"><span aria-hidden=\"true\">\n              <svg viewBox=\"0 0 451.847 451.847\"><path d=\"M97.141,225.92c0-8.095,3.091-16.192,9.259-22.366L300.689,9.27c12.359-12.359,32.397-12.359,44.751,0\nc12.354,12.354,12.354,32.388,0,44.748L173.525,225.92l171.903,171.909c12.354,12.354,12.354,32.391,0,44.744\nc-12.354,12.365-32.386,12.365-44.745,0l-194.29-194.281C100.226,242.115,97.141,234.018,97.141,225.92z\"><\/path><\/svg><\/span><span class=\"sr-only\">\n              <svg viewBox=\"0 0 451.847 451.847\"><path d=\"M97.141,225.92c0-8.095,3.091-16.192,9.259-22.366L300.689,9.27c12.359-12.359,32.397-12.359,44.751,0\nc12.354,12.354,12.354,32.388,0,44.748L173.525,225.92l171.903,171.909c12.354,12.354,12.354,32.391,0,44.744\nc-12.354,12.365-32.386,12.365-44.745,0l-194.29-194.281C100.226,242.115,97.141,234.018,97.141,225.92z\"><\/path><\/svg><\/span>\n          <\/a>\n          <a class=\"u-absolute-vcenter u-carousel-control u-carousel-control-next u-grey-70 u-icon-circle u-opacity u-opacity-70 u-spacing-10 u-text-white u-carousel-control-2\" href=\"#carousel-e603\" role=\"button\" data-u-slide=\"next\"><span aria-hidden=\"true\">\n              <svg viewBox=\"0 0 451.846 451.847\"><path d=\"M345.441,248.292L151.154,442.573c-12.359,12.365-32.397,12.365-44.75,0c-12.354-12.354-12.354-32.391,0-44.744\nL278.318,225.92L106.409,54.017c-12.354-12.359-12.354-32.394,0-44.748c12.354-12.359,32.391-12.359,44.75,0l194.287,194.284\nc6.177,6.18,9.262,14.271,9.262,22.366C354.708,234.018,351.617,242.115,345.441,248.292z\"><\/path><\/svg><\/span><span class=\"sr-only\">\n              <svg viewBox=\"0 0 451.846 451.847\"><path d=\"M345.441,248.292L151.154,442.573c-12.359,12.365-32.397,12.365-44.75,0c-12.354-12.354-12.354-32.391,0-44.744\nL278.318,225.92L106.409,54.017c-12.354-12.359-12.354-32.394,0-44.748c12.354-12.359,32.391-12.359,44.75,0l194.287,194.284\nc6.177,6.18,9.262,14.271,9.262,22.366C354.708,234.018,351.617,242.115,345.441,248.292z\"><\/path><\/svg><\/span>\n          <\/a>\n        <\/div>\n      <\/div>\n    <\/section>\n    \n    \n    \n    \n  \n<\/div>","protected":false},"excerpt":{"rendered":"<p>&nbsp; Reiterferien auf dem Reiterhof Buckautal Ganzj\u00e4hrig Reiterferien&nbsp;f\u00fcr Pferdefreunde in allen Altersklassen und Ausbildungsstufen\u2026. das Wichtigste ist die Liebe zum Pferd! Abwechslungsreiches Angebot auch f\u00fcr alle Urlauber,die nicht Reiten, sondern Ferien in der Natur des Hohen Fl\u00e4mings verbringen m\u00f6chten.F\u00fcr Kinder und Jugendliche: Kinderbetreuung wird bei uns gro\u00dfgeschrieben. Zahlreiche Programme rund ums Pferd bringen Ihren Kindern [&hellip;]<\/p>\n","protected":false},"author":1,"featured_media":0,"parent":0,"menu_order":1,"comment_status":"closed","ping_status":"closed","template":"","meta":{"footnotes":""},"class_list":["post-222","page","type-page","status-publish","hentry"],"_links":{"self":[{"href":"https:\/\/reiterhof-buckautal.de\/index.php\/wp-json\/wp\/v2\/pages\/222","targetHints":{"allow":["GET"]}}],"collection":[{"href":"https:\/\/reiterhof-buckautal.de\/index.php\/wp-json\/wp\/v2\/pages"}],"about":[{"href":"https:\/\/reiterhof-buckautal.de\/index.php\/wp-json\/wp\/v2\/types\/page"}],"author":[{"embeddable":true,"href":"https:\/\/reiterhof-buckautal.de\/index.php\/wp-json\/wp\/v2\/users\/1"}],"replies":[{"embeddable":true,"href":"https:\/\/reiterhof-buckautal.de\/index.php\/wp-json\/wp\/v2\/comments?post=222"}],"version-history":[{"count":1,"href":"https:\/\/reiterhof-buckautal.de\/index.php\/wp-json\/wp\/v2\/pages\/222\/revisions"}],"predecessor-version":[{"id":228,"href":"https:\/\/reiterhof-buckautal.de\/index.php\/wp-json\/wp\/v2\/pages\/222\/revisions\/228"}],"wp:attachment":[{"href":"https:\/\/reiterhof-buckautal.de\/index.php\/wp-json\/wp\/v2\/media?parent=222"}],"curies":[{"name":"wp","href":"https:\/\/api.w.org\/{rel}","templated":true}]}}