{"id":223,"date":"2025-06-28T22:07:20","date_gmt":"2025-06-28T22:07:20","guid":{"rendered":"https:\/\/reiterhof-buckautal.de\/index.php\/pensionsstall\/"},"modified":"2025-09-02T10:58:42","modified_gmt":"2025-09-02T10:58:42","slug":"pensionsstall","status":"publish","type":"page","link":"https:\/\/reiterhof-buckautal.de\/index.php\/pensionsstall\/","title":{"rendered":"Pensionsstall"},"content":{"rendered":"<div class=\"\" style=\"\" >\n    \n    <section class=\"skrollable u-clearfix u-palette-3-light-3 u-parallax u-uploaded-video u-section-2\" id=\"sec-2e39\" data-image-width=\"1004\" data-image-height=\"556\">\n      <div class=\"u-clearfix u-sheet u-valign-middle-lg u-valign-middle-sm u-valign-middle-xs u-sheet-1\">\n        <div class=\"u-container-style u-expanded-width-md u-expanded-width-sm u-expanded-width-xs u-group u-image u-shape-rectangle u-image-1\" data-image-width=\"1004\" data-image-height=\"556\" style=\"background-image: url(&quot;https:\/\/reiterhof-buckautal.de\/wp-content\/uploads\/2025\/06\/An-Test-Luftstart-kl-7.jpg&quot;);\">\n          <div class=\"u-container-layout u-valign-top-lg u-valign-top-md u-valign-top-sm u-valign-top-xs u-container-layout-1\">\n            <img decoding=\"async\" class=\"u-image u-image-contain u-image-default u-image-2\" src=\"https:\/\/reiterhof-buckautal.de\/wp-content\/uploads\/2025\/06\/Logo-trans-7.png\" alt=\"\" data-image-width=\"707\" data-image-height=\"353\" data-href=\"https:\/\/reiterhof-buckautal.de\/index.php\/startseite\/\" title=\"Startseite\">\n          <\/div>\n        <\/div>\n      <\/div>\n    <\/section>\n    <section class=\"u-clearfix u-palette-3-light-3 u-section-3\" id=\"sec-918b\">\n      <div class=\"u-clearfix u-sheet u-valign-middle-sm u-sheet-1\">\n        <div class=\"data-layout-selected u-clearfix u-expanded-width u-gutter-20 u-layout-wrap u-layout-wrap-1\">\n          <div class=\"u-gutter-0 u-layout\">\n            <div class=\"u-layout-row\">\n              <div class=\"u-container-style u-layout-cell u-shape-rectangle u-size-60 u-size-60-md u-layout-cell-1\">\n                <div class=\"u-container-layout u-container-layout-1\">\n                  <div class=\"u-container-style u-group u-white u-group-1\">\n                    <div class=\"u-container-layout u-container-layout-2\">\n                      <p class=\"u-custom-font u-font-georgia u-text u-text-custom-color-2 u-text-1\"><span style=\"font-weight: 700;\">&nbsp;Pferdehaltung beim<\/span> Reiterhof Buckautal<br>\n                      <\/p>\n                    <\/div>\n                  <\/div>\n                  <div class=\"custom-expanded u-list u-list-1\">\n                    <div class=\"u-repeater u-repeater-1\">\n                      <div class=\"u-container-style u-list-item u-repeater-item u-white\">\n                        <div class=\"u-container-layout u-similar-container u-valign-bottom-md u-container-layout-3\">\n                          <h3 class=\"u-custom-font u-font-georgia u-text u-text-2\">Pferdepension zum Wohlf\u00fchlen<br>\n                          <\/h3>\n                          <p class=\"u-text u-text-custom-color-3 u-text-3\"> Wir bieten Ihrem Pferd ein angenehmes Zuhause in ger\u00e4umigen Boxen mit t\u00e4glichem Weide- oder Paddockgang je nach Wetterlage. Rundumversorgung\n ist unser oberstes Gebot. <br>Die artgerechte Haltung und Pflege aller \nPferde und Ponys ist uns ein besonderes Anliegen um die bestm\u00f6gliche \nGesundheit und das Wohlbefinden Ihres Pferdes zu garantieren. Unsere Pferde stehen auf Stroheinstreu aus der Region, auf besonderen Wunsch bieten wir alternative Einstreuarten.<br>Eine \nausbalancierte F\u00fctterung, bestehend aus vier Heu- und drei \nKraftfuttergaben, sowie die Verabreichung von Erg\u00e4nzungsfuttermitteln \naller Art, stellen die nutritive Versorgung sicher und bilden die \nGrundlage f\u00fcr eine bestm\u00f6gliche Leistungsf\u00e4higkeit jedes individuellen \nPferdes.\nReithallennutzung, Au\u00dfenreitpl\u00e4tze und traumhaftes Ausreitgelande \nbilden die Grundlage aller Trainingsm\u00f6glichkeiten f\u00fcr den Dressur-,Spring und Freizeitsport. <br>\n                          <\/p>\n                        <\/div>\n                      <\/div>\n                    <\/div>\n                  <\/div>\n                <\/div>\n              <\/div>\n            <\/div>\n          <\/div>\n        <\/div>\n      <\/div>\n    <\/section>\n    <section class=\"u-clearfix u-palette-3-light-3 u-valign-middle-lg u-valign-middle-md u-valign-middle-sm u-valign-middle-xs u-section-4\" id=\"carousel_355c\">\n      <div class=\"u-clearfix u-sheet u-valign-middle-lg u-valign-middle-sm u-sheet-1\">\n        <div class=\"u-carousel u-carousel-duration-500 u-expanded-width u-gallery u-gallery-slider u-layout-carousel u-lightbox u-no-transition u-show-text-on-hover u-gallery-1\" id=\"carousel-5548\" data-interval=\"2500\" data-u-ride=\"carousel\">\n          <ol class=\"u-absolute-hcenter u-carousel-indicators u-carousel-indicators-1\">\n            <li data-u-target=\"#carousel-5548\" data-u-slide-to=\"0\" class=\"u-active u-grey-70 u-shape-circle\" style=\"width: 10px; height: 10px;\"><\/li>\n            <li data-u-target=\"#carousel-5548\" data-u-slide-to=\"1\" class=\"u-grey-70 u-shape-circle\" style=\"width: 10px; height: 10px;\"><\/li>\n            <li data-u-target=\"#carousel-5548\" data-u-slide-to=\"2\" class=\"u-grey-70 u-shape-circle\" style=\"width: 10px; height: 10px;\"><\/li>\n            <li data-u-target=\"#carousel-5548\" data-u-slide-to=\"3\" class=\"u-grey-70 u-shape-circle\" style=\"width: 10px; height: 10px;\"><\/li>\n          <\/ol>\n          <div class=\"u-carousel-inner u-gallery-inner u-gallery-inner-1\" role=\"listbox\">\n            <div class=\"u-active u-carousel-item u-effect-fade u-gallery-item u-carousel-item-1\">\n              <div class=\"u-back-slide\" data-image-width=\"1746\" data-image-height=\"1820\">\n                <img decoding=\"async\" class=\"u-back-image u-expanded\" src=\"https:\/\/reiterhof-buckautal.de\/wp-content\/uploads\/2025\/06\/aaa-weide-7.jpg\">\n              <\/div>\n              <div class=\"u-align-center u-over-slide u-shading u-valign-bottom u-over-slide-1\"><\/div>\n            <\/div>\n            <div class=\"u-carousel-item u-effect-fade u-gallery-item u-carousel-item-2\">\n              <div class=\"u-back-slide\" data-image-width=\"1613\" data-image-height=\"2288\">\n                <img decoding=\"async\" class=\"u-back-image u-expanded\" src=\"https:\/\/reiterhof-buckautal.de\/wp-content\/uploads\/2025\/06\/aaa-gruen-sch-7.jpg\">\n              <\/div>\n              <div class=\"u-align-center u-over-slide u-shading u-valign-bottom u-over-slide-2\"><\/div>\n            <\/div>\n            <div class=\"u-carousel-item u-effect-fade u-gallery-item u-carousel-item-3\" data-image-width=\"1600\" data-image-height=\"1064\">\n              <div class=\"u-back-slide\">\n                <img decoding=\"async\" class=\"u-back-image u-expanded\" src=\"https:\/\/reiterhof-buckautal.de\/wp-content\/uploads\/2025\/06\/Schild-7.jpg\">\n              <\/div>\n              <div class=\"u-align-center u-over-slide u-shading u-valign-bottom u-over-slide-3\"><\/div>\n              <style data-mode=\"XL\" data-visited=\"true\"><\/style>\n              <style data-mode=\"LG\" data-visited=\"true\"><\/style>\n              <style data-mode=\"MD\" data-visited=\"true\"><\/style>\n              <style data-mode=\"SM\"><\/style>\n              <style data-mode=\"XS\" data-visited=\"true\"><\/style>\n            <\/div>\n            <div class=\"u-carousel-item u-effect-fade u-gallery-item u-carousel-item-4\" data-image-width=\"1600\" data-image-height=\"1064\">\n              <div class=\"u-back-slide\">\n                <img decoding=\"async\" class=\"u-back-image u-expanded\" src=\"https:\/\/reiterhof-buckautal.de\/wp-content\/uploads\/2025\/06\/Stall-Wein-7.jpg\">\n              <\/div>\n              <div class=\"u-align-center u-over-slide u-shading u-valign-bottom u-over-slide-4\"><\/div>\n              <style data-mode=\"XL\" data-visited=\"true\"><\/style>\n              <style data-mode=\"LG\" data-visited=\"true\"><\/style>\n              <style data-mode=\"MD\" data-visited=\"true\"><\/style>\n              <style data-mode=\"SM\"><\/style>\n              <style data-mode=\"XS\" data-visited=\"true\"><\/style>\n            <\/div>\n          <\/div>\n          <a class=\"u-absolute-vcenter u-carousel-control u-carousel-control-prev u-grey-70 u-icon-circle u-opacity u-opacity-70 u-spacing-10 u-text-white u-carousel-control-1\" href=\"#carousel-5548\" role=\"button\" data-u-slide=\"prev\"><span aria-hidden=\"true\">\n              <svg viewBox=\"0 0 451.847 451.847\"><path d=\"M97.141,225.92c0-8.095,3.091-16.192,9.259-22.366L300.689,9.27c12.359-12.359,32.397-12.359,44.751,0\nc12.354,12.354,12.354,32.388,0,44.748L173.525,225.92l171.903,171.909c12.354,12.354,12.354,32.391,0,44.744\nc-12.354,12.365-32.386,12.365-44.745,0l-194.29-194.281C100.226,242.115,97.141,234.018,97.141,225.92z\"><\/path><\/svg><\/span><span class=\"sr-only\">\n              <svg viewBox=\"0 0 451.847 451.847\"><path d=\"M97.141,225.92c0-8.095,3.091-16.192,9.259-22.366L300.689,9.27c12.359-12.359,32.397-12.359,44.751,0\nc12.354,12.354,12.354,32.388,0,44.748L173.525,225.92l171.903,171.909c12.354,12.354,12.354,32.391,0,44.744\nc-12.354,12.365-32.386,12.365-44.745,0l-194.29-194.281C100.226,242.115,97.141,234.018,97.141,225.92z\"><\/path><\/svg><\/span>\n          <\/a>\n          <a class=\"u-absolute-vcenter u-carousel-control u-carousel-control-next u-grey-70 u-icon-circle u-opacity u-opacity-70 u-spacing-10 u-text-white u-carousel-control-2\" href=\"#carousel-5548\" role=\"button\" data-u-slide=\"next\"><span aria-hidden=\"true\">\n              <svg viewBox=\"0 0 451.846 451.847\"><path d=\"M345.441,248.292L151.154,442.573c-12.359,12.365-32.397,12.365-44.75,0c-12.354-12.354-12.354-32.391,0-44.744\nL278.318,225.92L106.409,54.017c-12.354-12.359-12.354-32.394,0-44.748c12.354-12.359,32.391-12.359,44.75,0l194.287,194.284\nc6.177,6.18,9.262,14.271,9.262,22.366C354.708,234.018,351.617,242.115,345.441,248.292z\"><\/path><\/svg><\/span><span class=\"sr-only\">\n              <svg viewBox=\"0 0 451.846 451.847\"><path d=\"M345.441,248.292L151.154,442.573c-12.359,12.365-32.397,12.365-44.75,0c-12.354-12.354-12.354-32.391,0-44.744\nL278.318,225.92L106.409,54.017c-12.354-12.359-12.354-32.394,0-44.748c12.354-12.359,32.391-12.359,44.75,0l194.287,194.284\nc6.177,6.18,9.262,14.271,9.262,22.366C354.708,234.018,351.617,242.115,345.441,248.292z\"><\/path><\/svg><\/span>\n          <\/a>\n        <\/div>\n      <\/div>\n    <\/section>\n    \n    \n    \n  \n<\/div>","protected":false},"excerpt":{"rendered":"<p>&nbsp;Pferdehaltung beim Reiterhof Buckautal Pferdepension zum Wohlf\u00fchlen Wir bieten Ihrem Pferd ein angenehmes Zuhause in ger\u00e4umigen Boxen mit t\u00e4glichem Weide- oder Paddockgang je nach Wetterlage. Rundumversorgung ist unser oberstes Gebot. Die artgerechte Haltung und Pflege aller Pferde und Ponys ist uns ein besonderes Anliegen um die bestm\u00f6gliche Gesundheit und das Wohlbefinden Ihres Pferdes zu garantieren. [&hellip;]<\/p>\n","protected":false},"author":1,"featured_media":0,"parent":0,"menu_order":2,"comment_status":"closed","ping_status":"closed","template":"","meta":{"footnotes":""},"class_list":["post-223","page","type-page","status-publish","hentry"],"_links":{"self":[{"href":"https:\/\/reiterhof-buckautal.de\/index.php\/wp-json\/wp\/v2\/pages\/223","targetHints":{"allow":["GET"]}}],"collection":[{"href":"https:\/\/reiterhof-buckautal.de\/index.php\/wp-json\/wp\/v2\/pages"}],"about":[{"href":"https:\/\/reiterhof-buckautal.de\/index.php\/wp-json\/wp\/v2\/types\/page"}],"author":[{"embeddable":true,"href":"https:\/\/reiterhof-buckautal.de\/index.php\/wp-json\/wp\/v2\/users\/1"}],"replies":[{"embeddable":true,"href":"https:\/\/reiterhof-buckautal.de\/index.php\/wp-json\/wp\/v2\/comments?post=223"}],"version-history":[{"count":2,"href":"https:\/\/reiterhof-buckautal.de\/index.php\/wp-json\/wp\/v2\/pages\/223\/revisions"}],"predecessor-version":[{"id":245,"href":"https:\/\/reiterhof-buckautal.de\/index.php\/wp-json\/wp\/v2\/pages\/223\/revisions\/245"}],"wp:attachment":[{"href":"https:\/\/reiterhof-buckautal.de\/index.php\/wp-json\/wp\/v2\/media?parent=223"}],"curies":[{"name":"wp","href":"https:\/\/api.w.org\/{rel}","templated":true}]}}